{"id":140,"date":"2025-03-19T16:03:16","date_gmt":"2025-03-19T16:03:16","guid":{"rendered":"https:\/\/pepezapata.net\/?page_id=140"},"modified":"2025-03-19T16:12:27","modified_gmt":"2025-03-19T16:12:27","slug":"consultor","status":"publish","type":"page","link":"https:\/\/pepezapata.net\/index.php\/consultor\/","title":{"rendered":"Consultor"},"content":{"rendered":"\t\t<div data-elementor-type=\"wp-page\" data-elementor-id=\"140\" class=\"elementor elementor-140\" data-elementor-post-type=\"page\">\n\t\t\t\t<div class=\"elementor-element elementor-element-5f48ec7 e-con-full e-flex e-con e-parent\" data-id=\"5f48ec7\" data-element_type=\"container\" data-settings=\"{&quot;background_background&quot;:&quot;classic&quot;}\">\n\t\t\t\t<div class=\"elementor-element elementor-element-9dc735f elementor-widget__width-initial elementor-widget elementor-widget-heading\" data-id=\"9dc735f\" data-element_type=\"widget\" data-widget_type=\"heading.default\">\n\t\t\t\t<div class=\"elementor-widget-container\">\n\t\t\t\t\t<h1 class=\"elementor-heading-title elementor-size-default\">Soluciones estrat\u00e9gicas para proyectos culturales<\/h1>\t\t\t\t<\/div>\n\t\t\t\t<\/div>\n\t\t\t\t<\/div>\n\t\t<div class=\"elementor-element elementor-element-ff1cb58 e-con-full e-flex e-con e-parent\" data-id=\"ff1cb58\" data-element_type=\"container\" data-settings=\"{&quot;background_background&quot;:&quot;classic&quot;}\">\n\t\t\t\t<div class=\"elementor-element elementor-element-661cd53 elementor-widget elementor-widget-text-editor\" data-id=\"661cd53\" data-element_type=\"widget\" data-widget_type=\"text-editor.default\">\n\t\t\t\t<div class=\"elementor-widget-container\">\n\t\t\t\t\t\t\t\t\t<p>Aporto mi conocimiento y experiencia en las artes esc\u00e9nicas para ofrecer asesor\u00edas personalizadas. Trabajo contigo para estructurar proyectos que destaquen por su impacto cultural, viabilidad y originalidad. Desde la conceptualizaci\u00f3n hasta la ejecuci\u00f3n, mi objetivo es que cada idea se transforme en un \u00e9xito cultural y art\u00edstico.<\/p>\t\t\t\t\t\t\t\t<\/div>\n\t\t\t\t<\/div>\n\t\t\t\t<\/div>\n\t\t<div class=\"elementor-element elementor-element-337644e e-con-full e-flex e-con e-parent\" data-id=\"337644e\" data-element_type=\"container\">\n\t\t\t\t<div class=\"elementor-element elementor-element-1362e80 elementor-widget elementor-widget-heading\" data-id=\"1362e80\" data-element_type=\"widget\" data-widget_type=\"heading.default\">\n\t\t\t\t<div class=\"elementor-widget-container\">\n\t\t\t\t\t<h2 class=\"elementor-heading-title elementor-size-default\">Caracter\u00edsticas de mi servicio como consultor<\/h2>\t\t\t\t<\/div>\n\t\t\t\t<\/div>\n\t\t\t\t<div class=\"elementor-element elementor-element-99a08f7 elementor-align-left elementor-tablet-align-left elementor-mobile-align-center elementor-icon-list--layout-traditional elementor-list-item-link-full_width elementor-widget elementor-widget-icon-list\" data-id=\"99a08f7\" data-element_type=\"widget\" data-widget_type=\"icon-list.default\">\n\t\t\t\t<div class=\"elementor-widget-container\">\n\t\t\t\t\t\t\t<ul class=\"elementor-icon-list-items\">\n\t\t\t\t\t\t\t<li class=\"elementor-icon-list-item\">\n\t\t\t\t\t\t\t\t\t\t\t<span class=\"elementor-icon-list-icon\">\n\t\t\t\t\t\t\t<svg aria-hidden=\"true\" class=\"e-font-icon-svg e-fas-circle\" viewBox=\"0 0 512 512\" xmlns=\"http:\/\/www.w3.org\/2000\/svg\"><path d=\"M256 8C119 8 8 119 8 256s111 248 248 248 248-111 248-248S393 8 256 8z\"><\/path><\/svg>\t\t\t\t\t\t<\/span>\n\t\t\t\t\t\t\t\t\t\t<span class=\"elementor-icon-list-text\"><b>An\u00e1lisis estrat\u00e9gico:<\/b> Evaluaci\u00f3n detallada de los proyectos para optimizar su desarrollo.<\/span>\n\t\t\t\t\t\t\t\t\t<\/li>\n\t\t\t\t\t\t\t\t<li class=\"elementor-icon-list-item\">\n\t\t\t\t\t\t\t\t\t\t\t<span class=\"elementor-icon-list-icon\">\n\t\t\t\t\t\t\t<svg aria-hidden=\"true\" class=\"e-font-icon-svg e-fas-circle\" viewBox=\"0 0 512 512\" xmlns=\"http:\/\/www.w3.org\/2000\/svg\"><path d=\"M256 8C119 8 8 119 8 256s111 248 248 248 248-111 248-248S393 8 256 8z\"><\/path><\/svg>\t\t\t\t\t\t<\/span>\n\t\t\t\t\t\t\t\t\t\t<span class=\"elementor-icon-list-text\"><b>Gesti\u00f3n eficiente:<\/b> Planificaci\u00f3n de recursos y tiempos para garantizar resultados \u00f3ptimos.<\/span>\n\t\t\t\t\t\t\t\t\t<\/li>\n\t\t\t\t\t\t\t\t<li class=\"elementor-icon-list-item\">\n\t\t\t\t\t\t\t\t\t\t\t<span class=\"elementor-icon-list-icon\">\n\t\t\t\t\t\t\t<svg aria-hidden=\"true\" class=\"e-font-icon-svg e-fas-circle\" viewBox=\"0 0 512 512\" xmlns=\"http:\/\/www.w3.org\/2000\/svg\"><path d=\"M256 8C119 8 8 119 8 256s111 248 248 248 248-111 248-248S393 8 256 8z\"><\/path><\/svg>\t\t\t\t\t\t<\/span>\n\t\t\t\t\t\t\t\t\t\t<span class=\"elementor-icon-list-text\"><b>Enfoque creativo:<\/b> Ideas innovadoras para diferenciar tu propuesta cultural.<\/span>\n\t\t\t\t\t\t\t\t\t<\/li>\n\t\t\t\t\t\t\t\t<li class=\"elementor-icon-list-item\">\n\t\t\t\t\t\t\t\t\t\t\t<span class=\"elementor-icon-list-icon\">\n\t\t\t\t\t\t\t<svg aria-hidden=\"true\" class=\"e-font-icon-svg e-fas-circle\" viewBox=\"0 0 512 512\" xmlns=\"http:\/\/www.w3.org\/2000\/svg\"><path d=\"M256 8C119 8 8 119 8 256s111 248 248 248 248-111 248-248S393 8 256 8z\"><\/path><\/svg>\t\t\t\t\t\t<\/span>\n\t\t\t\t\t\t\t\t\t\t<span class=\"elementor-icon-list-text\"><b>Acompa\u00f1amiento integral:<\/b> Gu\u00eda en todas las etapas, desde la idea inicial hasta su presentaci\u00f3n final.<\/span>\n\t\t\t\t\t\t\t\t\t<\/li>\n\t\t\t\t\t\t<\/ul>\n\t\t\t\t\t\t<\/div>\n\t\t\t\t<\/div>\n\t\t\t\t<\/div>\n\t\t<div class=\"elementor-element elementor-element-253744b e-grid e-con-full e-con e-parent\" data-id=\"253744b\" data-element_type=\"container\">\n\t\t\t\t<div class=\"elementor-element elementor-element-d500c2e elementor-widget elementor-widget-image\" data-id=\"d500c2e\" data-element_type=\"widget\" data-widget_type=\"image.default\">\n\t\t\t\t<div class=\"elementor-widget-container\">\n\t\t\t\t\t\t\t\t\t\t\t\t\t\t\t<img fetchpriority=\"high\" decoding=\"async\" width=\"604\" height=\"480\" src=\"https:\/\/pepezapata.net\/wp-content\/uploads\/2025\/03\/sdad.png\" class=\"attachment-large size-large wp-image-146\" alt=\"\" srcset=\"https:\/\/pepezapata.net\/wp-content\/uploads\/2025\/03\/sdad.png 604w, https:\/\/pepezapata.net\/wp-content\/uploads\/2025\/03\/sdad-300x238.png 300w\" sizes=\"(max-width: 604px) 100vw, 604px\" \/>\t\t\t\t\t\t\t\t\t\t\t\t\t\t\t<\/div>\n\t\t\t\t<\/div>\n\t\t\t\t<div class=\"elementor-element elementor-element-a63f18a elementor-widget elementor-widget-image\" data-id=\"a63f18a\" data-element_type=\"widget\" data-widget_type=\"image.default\">\n\t\t\t\t<div class=\"elementor-widget-container\">\n\t\t\t\t\t\t\t\t\t\t\t\t\t\t\t<img decoding=\"async\" width=\"604\" height=\"480\" src=\"https:\/\/pepezapata.net\/wp-content\/uploads\/2025\/03\/fdfdfd.png\" class=\"attachment-large size-large wp-image-147\" alt=\"\" srcset=\"https:\/\/pepezapata.net\/wp-content\/uploads\/2025\/03\/fdfdfd.png 604w, https:\/\/pepezapata.net\/wp-content\/uploads\/2025\/03\/fdfdfd-300x238.png 300w\" sizes=\"(max-width: 604px) 100vw, 604px\" \/>\t\t\t\t\t\t\t\t\t\t\t\t\t\t\t<\/div>\n\t\t\t\t<\/div>\n\t\t\t\t<\/div>\n\t\t\t\t<\/div>\n\t\t","protected":false},"excerpt":{"rendered":"<p>Soluciones estrat\u00e9gicas para proyectos culturales Aporto mi conocimiento y experiencia en las artes esc\u00e9nicas para ofrecer asesor\u00edas personalizadas. Trabajo contigo para estructurar proyectos que destaquen por su impacto cultural, viabilidad y originalidad. Desde la conceptualizaci\u00f3n hasta la ejecuci\u00f3n, mi objetivo es que cada idea se transforme en un \u00e9xito cultural y art\u00edstico. Caracter\u00edsticas de mi [&hellip;]<\/p>\n","protected":false},"author":1,"featured_media":0,"parent":0,"menu_order":0,"comment_status":"closed","ping_status":"closed","template":"","meta":{"footnotes":""},"class_list":["post-140","page","type-page","status-publish","hentry"],"_links":{"self":[{"href":"https:\/\/pepezapata.net\/index.php\/wp-json\/wp\/v2\/pages\/140","targetHints":{"allow":["GET"]}}],"collection":[{"href":"https:\/\/pepezapata.net\/index.php\/wp-json\/wp\/v2\/pages"}],"about":[{"href":"https:\/\/pepezapata.net\/index.php\/wp-json\/wp\/v2\/types\/page"}],"author":[{"embeddable":true,"href":"https:\/\/pepezapata.net\/index.php\/wp-json\/wp\/v2\/users\/1"}],"replies":[{"embeddable":true,"href":"https:\/\/pepezapata.net\/index.php\/wp-json\/wp\/v2\/comments?post=140"}],"version-history":[{"count":13,"href":"https:\/\/pepezapata.net\/index.php\/wp-json\/wp\/v2\/pages\/140\/revisions"}],"predecessor-version":[{"id":172,"href":"https:\/\/pepezapata.net\/index.php\/wp-json\/wp\/v2\/pages\/140\/revisions\/172"}],"wp:attachment":[{"href":"https:\/\/pepezapata.net\/index.php\/wp-json\/wp\/v2\/media?parent=140"}],"curies":[{"name":"wp","href":"https:\/\/api.w.org\/{rel}","templated":true}]}}