{"id":160,"date":"2025-03-19T16:09:05","date_gmt":"2025-03-19T16:09:05","guid":{"rendered":"https:\/\/pepezapata.net\/?page_id=160"},"modified":"2025-03-19T16:12:18","modified_gmt":"2025-03-19T16:12:18","slug":"formador","status":"publish","type":"page","link":"https:\/\/pepezapata.net\/index.php\/formador\/","title":{"rendered":"Formador"},"content":{"rendered":"\t\t<div data-elementor-type=\"wp-page\" data-elementor-id=\"160\" class=\"elementor elementor-160\" data-elementor-post-type=\"page\">\n\t\t\t\t<div class=\"elementor-element elementor-element-816c38a e-con-full e-flex e-con e-parent\" data-id=\"816c38a\" data-element_type=\"container\" data-settings=\"{&quot;background_background&quot;:&quot;classic&quot;}\">\n\t\t\t\t<div class=\"elementor-element elementor-element-9765360 elementor-widget__width-initial elementor-widget elementor-widget-heading\" data-id=\"9765360\" data-element_type=\"widget\" data-widget_type=\"heading.default\">\n\t\t\t\t<div class=\"elementor-widget-container\">\n\t\t\t\t\t<h1 class=\"elementor-heading-title elementor-size-default\">Talleres y clases para inspirar nuevas generaciones<\/h1>\t\t\t\t<\/div>\n\t\t\t\t<\/div>\n\t\t\t\t<\/div>\n\t\t<div class=\"elementor-element elementor-element-ddce188 e-con-full e-flex e-con e-parent\" data-id=\"ddce188\" data-element_type=\"container\" data-settings=\"{&quot;background_background&quot;:&quot;classic&quot;}\">\n\t\t\t\t<div class=\"elementor-element elementor-element-a6d8d6e elementor-widget elementor-widget-text-editor\" data-id=\"a6d8d6e\" data-element_type=\"widget\" data-widget_type=\"text-editor.default\">\n\t\t\t\t<div class=\"elementor-widget-container\">\n\t\t\t\t\t\t\t\t\t<p>Mi vocaci\u00f3n como formador radica en compartir conocimiento y motivar a quienes desean adentrarse en las artes esc\u00e9nicas. Ofrezco talleres pr\u00e1cticos y din\u00e1micos, dise\u00f1ados para desarrollar habilidades interpretativas, creativas y t\u00e9cnicas. Mi m\u00e9todo combina teor\u00eda y pr\u00e1ctica, creando un ambiente ideal para el aprendizaje y la superaci\u00f3n personal.\u00a0<\/p>\t\t\t\t\t\t\t\t<\/div>\n\t\t\t\t<\/div>\n\t\t\t\t<\/div>\n\t\t<div class=\"elementor-element elementor-element-21764b0 e-con-full e-flex e-con e-parent\" data-id=\"21764b0\" data-element_type=\"container\">\n\t\t\t\t<div class=\"elementor-element elementor-element-589c5af elementor-widget elementor-widget-heading\" data-id=\"589c5af\" data-element_type=\"widget\" data-widget_type=\"heading.default\">\n\t\t\t\t<div class=\"elementor-widget-container\">\n\t\t\t\t\t<h2 class=\"elementor-heading-title elementor-size-default\">Caracter\u00edsticas de mi servicio como formador<\/h2>\t\t\t\t<\/div>\n\t\t\t\t<\/div>\n\t\t\t\t<div class=\"elementor-element elementor-element-490dee6 elementor-align-left elementor-tablet-align-left elementor-mobile-align-center elementor-icon-list--layout-traditional elementor-list-item-link-full_width elementor-widget elementor-widget-icon-list\" data-id=\"490dee6\" data-element_type=\"widget\" data-widget_type=\"icon-list.default\">\n\t\t\t\t<div class=\"elementor-widget-container\">\n\t\t\t\t\t\t\t<ul class=\"elementor-icon-list-items\">\n\t\t\t\t\t\t\t<li class=\"elementor-icon-list-item\">\n\t\t\t\t\t\t\t\t\t\t\t<span class=\"elementor-icon-list-icon\">\n\t\t\t\t\t\t\t<svg aria-hidden=\"true\" class=\"e-font-icon-svg e-fas-circle\" viewBox=\"0 0 512 512\" xmlns=\"http:\/\/www.w3.org\/2000\/svg\"><path d=\"M256 8C119 8 8 119 8 256s111 248 248 248 248-111 248-248S393 8 256 8z\"><\/path><\/svg>\t\t\t\t\t\t<\/span>\n\t\t\t\t\t\t\t\t\t\t<span class=\"elementor-icon-list-text\"><b>Metodolog\u00eda efectiva:<\/b> Clases dise\u00f1adas para diferentes niveles, desde principiantes hasta avanzados.<\/span>\n\t\t\t\t\t\t\t\t\t<\/li>\n\t\t\t\t\t\t\t\t<li class=\"elementor-icon-list-item\">\n\t\t\t\t\t\t\t\t\t\t\t<span class=\"elementor-icon-list-icon\">\n\t\t\t\t\t\t\t<svg aria-hidden=\"true\" class=\"e-font-icon-svg e-fas-circle\" viewBox=\"0 0 512 512\" xmlns=\"http:\/\/www.w3.org\/2000\/svg\"><path d=\"M256 8C119 8 8 119 8 256s111 248 248 248 248-111 248-248S393 8 256 8z\"><\/path><\/svg>\t\t\t\t\t\t<\/span>\n\t\t\t\t\t\t\t\t\t\t<span class=\"elementor-icon-list-text\"><b>Enfoque individualizado:<\/b> Adaptaci\u00f3n a las necesidades espec\u00edficas de cada alumno o grupo.<\/span>\n\t\t\t\t\t\t\t\t\t<\/li>\n\t\t\t\t\t\t\t\t<li class=\"elementor-icon-list-item\">\n\t\t\t\t\t\t\t\t\t\t\t<span class=\"elementor-icon-list-icon\">\n\t\t\t\t\t\t\t<svg aria-hidden=\"true\" class=\"e-font-icon-svg e-fas-circle\" viewBox=\"0 0 512 512\" xmlns=\"http:\/\/www.w3.org\/2000\/svg\"><path d=\"M256 8C119 8 8 119 8 256s111 248 248 248 248-111 248-248S393 8 256 8z\"><\/path><\/svg>\t\t\t\t\t\t<\/span>\n\t\t\t\t\t\t\t\t\t\t<span class=\"elementor-icon-list-text\"><b>Experiencia inspiradora:<\/b> Ense\u00f1anzas basadas en casos reales y experiencias esc\u00e9nicas.<\/span>\n\t\t\t\t\t\t\t\t\t<\/li>\n\t\t\t\t\t\t\t\t<li class=\"elementor-icon-list-item\">\n\t\t\t\t\t\t\t\t\t\t\t<span class=\"elementor-icon-list-icon\">\n\t\t\t\t\t\t\t<svg aria-hidden=\"true\" class=\"e-font-icon-svg e-fas-circle\" viewBox=\"0 0 512 512\" xmlns=\"http:\/\/www.w3.org\/2000\/svg\"><path d=\"M256 8C119 8 8 119 8 256s111 248 248 248 248-111 248-248S393 8 256 8z\"><\/path><\/svg>\t\t\t\t\t\t<\/span>\n\t\t\t\t\t\t\t\t\t\t<span class=\"elementor-icon-list-text\"><b>Resultados visibles:<\/b> Desarrollo tangible de habilidades esc\u00e9nicas y creativas.<\/span>\n\t\t\t\t\t\t\t\t\t<\/li>\n\t\t\t\t\t\t<\/ul>\n\t\t\t\t\t\t<\/div>\n\t\t\t\t<\/div>\n\t\t\t\t<\/div>\n\t\t<div class=\"elementor-element elementor-element-3379e20 e-grid e-con-full e-con e-parent\" data-id=\"3379e20\" data-element_type=\"container\">\n\t\t\t\t<div class=\"elementor-element elementor-element-8ed0f03 elementor-widget elementor-widget-image\" data-id=\"8ed0f03\" data-element_type=\"widget\" data-widget_type=\"image.default\">\n\t\t\t\t<div class=\"elementor-widget-container\">\n\t\t\t\t\t\t\t\t\t\t\t\t\t\t\t<img fetchpriority=\"high\" decoding=\"async\" width=\"604\" height=\"480\" src=\"https:\/\/pepezapata.net\/wp-content\/uploads\/2025\/03\/45545.png\" class=\"attachment-large size-large wp-image-162\" alt=\"\" srcset=\"https:\/\/pepezapata.net\/wp-content\/uploads\/2025\/03\/45545.png 604w, https:\/\/pepezapata.net\/wp-content\/uploads\/2025\/03\/45545-300x238.png 300w\" sizes=\"(max-width: 604px) 100vw, 604px\" \/>\t\t\t\t\t\t\t\t\t\t\t\t\t\t\t<\/div>\n\t\t\t\t<\/div>\n\t\t\t\t<div class=\"elementor-element elementor-element-aaf3e42 elementor-widget elementor-widget-image\" data-id=\"aaf3e42\" data-element_type=\"widget\" data-widget_type=\"image.default\">\n\t\t\t\t<div class=\"elementor-widget-container\">\n\t\t\t\t\t\t\t\t\t\t\t\t\t\t\t<img decoding=\"async\" width=\"604\" height=\"480\" src=\"https:\/\/pepezapata.net\/wp-content\/uploads\/2025\/03\/lasdas.png\" class=\"attachment-large size-large wp-image-163\" alt=\"\" srcset=\"https:\/\/pepezapata.net\/wp-content\/uploads\/2025\/03\/lasdas.png 604w, https:\/\/pepezapata.net\/wp-content\/uploads\/2025\/03\/lasdas-300x238.png 300w\" sizes=\"(max-width: 604px) 100vw, 604px\" \/>\t\t\t\t\t\t\t\t\t\t\t\t\t\t\t<\/div>\n\t\t\t\t<\/div>\n\t\t\t\t<\/div>\n\t\t\t\t<\/div>\n\t\t","protected":false},"excerpt":{"rendered":"<p>Talleres y clases para inspirar nuevas generaciones Mi vocaci\u00f3n como formador radica en compartir conocimiento y motivar a quienes desean adentrarse en las artes esc\u00e9nicas. Ofrezco talleres pr\u00e1cticos y din\u00e1micos, dise\u00f1ados para desarrollar habilidades interpretativas, creativas y t\u00e9cnicas. Mi m\u00e9todo combina teor\u00eda y pr\u00e1ctica, creando un ambiente ideal para el aprendizaje y la superaci\u00f3n personal.\u00a0 [&hellip;]<\/p>\n","protected":false},"author":1,"featured_media":0,"parent":0,"menu_order":0,"comment_status":"closed","ping_status":"closed","template":"","meta":{"footnotes":""},"class_list":["post-160","page","type-page","status-publish","hentry"],"_links":{"self":[{"href":"https:\/\/pepezapata.net\/index.php\/wp-json\/wp\/v2\/pages\/160","targetHints":{"allow":["GET"]}}],"collection":[{"href":"https:\/\/pepezapata.net\/index.php\/wp-json\/wp\/v2\/pages"}],"about":[{"href":"https:\/\/pepezapata.net\/index.php\/wp-json\/wp\/v2\/types\/page"}],"author":[{"embeddable":true,"href":"https:\/\/pepezapata.net\/index.php\/wp-json\/wp\/v2\/users\/1"}],"replies":[{"embeddable":true,"href":"https:\/\/pepezapata.net\/index.php\/wp-json\/wp\/v2\/comments?post=160"}],"version-history":[{"count":7,"href":"https:\/\/pepezapata.net\/index.php\/wp-json\/wp\/v2\/pages\/160\/revisions"}],"predecessor-version":[{"id":169,"href":"https:\/\/pepezapata.net\/index.php\/wp-json\/wp\/v2\/pages\/160\/revisions\/169"}],"wp:attachment":[{"href":"https:\/\/pepezapata.net\/index.php\/wp-json\/wp\/v2\/media?parent=160"}],"curies":[{"name":"wp","href":"https:\/\/api.w.org\/{rel}","templated":true}]}}