{"id":173,"date":"2025-03-19T16:13:21","date_gmt":"2025-03-19T16:13:21","guid":{"rendered":"https:\/\/pepezapata.net\/?page_id=173"},"modified":"2025-03-19T16:16:59","modified_gmt":"2025-03-19T16:16:59","slug":"cultureta","status":"publish","type":"page","link":"https:\/\/pepezapata.net\/index.php\/cultureta\/","title":{"rendered":"Cultureta"},"content":{"rendered":"\t\t<div data-elementor-type=\"wp-page\" data-elementor-id=\"173\" class=\"elementor elementor-173\" data-elementor-post-type=\"page\">\n\t\t\t\t<div class=\"elementor-element elementor-element-9cc3116 e-con-full e-flex e-con e-parent\" data-id=\"9cc3116\" data-element_type=\"container\" data-settings=\"{&quot;background_background&quot;:&quot;classic&quot;}\">\n\t\t\t\t<div class=\"elementor-element elementor-element-c3f2984 elementor-widget__width-initial elementor-widget elementor-widget-heading\" data-id=\"c3f2984\" data-element_type=\"widget\" data-widget_type=\"heading.default\">\n\t\t\t\t<div class=\"elementor-widget-container\">\n\t\t\t\t\t<h1 class=\"elementor-heading-title elementor-size-default\">Reflexiones y contenidos sobre el arte y la cultura<\/h1>\t\t\t\t<\/div>\n\t\t\t\t<\/div>\n\t\t\t\t<\/div>\n\t\t<div class=\"elementor-element elementor-element-75aef74 e-con-full e-flex e-con e-parent\" data-id=\"75aef74\" data-element_type=\"container\" data-settings=\"{&quot;background_background&quot;:&quot;classic&quot;}\">\n\t\t\t\t<div class=\"elementor-element elementor-element-c079f63 elementor-widget elementor-widget-text-editor\" data-id=\"c079f63\" data-element_type=\"widget\" data-widget_type=\"text-editor.default\">\n\t\t\t\t<div class=\"elementor-widget-container\">\n\t\t\t\t\t\t\t\t\t<p>A trav\u00e9s de mi faceta como cultureta, exploro y comparto ideas sobre la cultura y las artes esc\u00e9nicas. Mis reflexiones est\u00e1n orientadas a enriquecer el panorama cultural con an\u00e1lisis profundos y opiniones sinceras. Este espacio es un punto de encuentro para quienes valoran el impacto del arte en la sociedad.\u00a0<\/p>\t\t\t\t\t\t\t\t<\/div>\n\t\t\t\t<\/div>\n\t\t\t\t<\/div>\n\t\t<div class=\"elementor-element elementor-element-5b886ba e-con-full e-flex e-con e-parent\" data-id=\"5b886ba\" data-element_type=\"container\">\n\t\t\t\t<div class=\"elementor-element elementor-element-eb09692 elementor-widget elementor-widget-heading\" data-id=\"eb09692\" data-element_type=\"widget\" data-widget_type=\"heading.default\">\n\t\t\t\t<div class=\"elementor-widget-container\">\n\t\t\t\t\t<h2 class=\"elementor-heading-title elementor-size-default\">Caracter\u00edsticas de mi servicio como cultureta<\/h2>\t\t\t\t<\/div>\n\t\t\t\t<\/div>\n\t\t\t\t<div class=\"elementor-element elementor-element-b22fe20 elementor-align-left elementor-tablet-align-left elementor-mobile-align-center elementor-icon-list--layout-traditional elementor-list-item-link-full_width elementor-widget elementor-widget-icon-list\" data-id=\"b22fe20\" data-element_type=\"widget\" data-widget_type=\"icon-list.default\">\n\t\t\t\t<div class=\"elementor-widget-container\">\n\t\t\t\t\t\t\t<ul class=\"elementor-icon-list-items\">\n\t\t\t\t\t\t\t<li class=\"elementor-icon-list-item\">\n\t\t\t\t\t\t\t\t\t\t\t<span class=\"elementor-icon-list-icon\">\n\t\t\t\t\t\t\t<svg aria-hidden=\"true\" class=\"e-font-icon-svg e-fas-circle\" viewBox=\"0 0 512 512\" xmlns=\"http:\/\/www.w3.org\/2000\/svg\"><path d=\"M256 8C119 8 8 119 8 256s111 248 248 248 248-111 248-248S393 8 256 8z\"><\/path><\/svg>\t\t\t\t\t\t<\/span>\n\t\t\t\t\t\t\t\t\t\t<span class=\"elementor-icon-list-text\"><b>Contenido variado:<\/b> Art\u00edculos, entrevistas y rese\u00f1as sobre teatro, cine y cultura general.<\/span>\n\t\t\t\t\t\t\t\t\t<\/li>\n\t\t\t\t\t\t\t\t<li class=\"elementor-icon-list-item\">\n\t\t\t\t\t\t\t\t\t\t\t<span class=\"elementor-icon-list-icon\">\n\t\t\t\t\t\t\t<svg aria-hidden=\"true\" class=\"e-font-icon-svg e-fas-circle\" viewBox=\"0 0 512 512\" xmlns=\"http:\/\/www.w3.org\/2000\/svg\"><path d=\"M256 8C119 8 8 119 8 256s111 248 248 248 248-111 248-248S393 8 256 8z\"><\/path><\/svg>\t\t\t\t\t\t<\/span>\n\t\t\t\t\t\t\t\t\t\t<span class=\"elementor-icon-list-text\"><b>Perspectiva \u00fanica:<\/b> An\u00e1lisis desde la experiencia de un actor y productor.<\/span>\n\t\t\t\t\t\t\t\t\t<\/li>\n\t\t\t\t\t\t\t\t<li class=\"elementor-icon-list-item\">\n\t\t\t\t\t\t\t\t\t\t\t<span class=\"elementor-icon-list-icon\">\n\t\t\t\t\t\t\t<svg aria-hidden=\"true\" class=\"e-font-icon-svg e-fas-circle\" viewBox=\"0 0 512 512\" xmlns=\"http:\/\/www.w3.org\/2000\/svg\"><path d=\"M256 8C119 8 8 119 8 256s111 248 248 248 248-111 248-248S393 8 256 8z\"><\/path><\/svg>\t\t\t\t\t\t<\/span>\n\t\t\t\t\t\t\t\t\t\t<span class=\"elementor-icon-list-text\"><b>Interacci\u00f3n directa:<\/b> Espacios para dialogar y compartir ideas con la comunidad art\u00edstica.<\/span>\n\t\t\t\t\t\t\t\t\t<\/li>\n\t\t\t\t\t\t\t\t<li class=\"elementor-icon-list-item\">\n\t\t\t\t\t\t\t\t\t\t\t<span class=\"elementor-icon-list-icon\">\n\t\t\t\t\t\t\t<svg aria-hidden=\"true\" class=\"e-font-icon-svg e-fas-circle\" viewBox=\"0 0 512 512\" xmlns=\"http:\/\/www.w3.org\/2000\/svg\"><path d=\"M256 8C119 8 8 119 8 256s111 248 248 248 248-111 248-248S393 8 256 8z\"><\/path><\/svg>\t\t\t\t\t\t<\/span>\n\t\t\t\t\t\t\t\t\t\t<span class=\"elementor-icon-list-text\"><b>Impacto cultural<\/b>: Fomento de la reflexi\u00f3n y el debate en torno al arte y sus expresiones.<\/span>\n\t\t\t\t\t\t\t\t\t<\/li>\n\t\t\t\t\t\t<\/ul>\n\t\t\t\t\t\t<\/div>\n\t\t\t\t<\/div>\n\t\t\t\t<\/div>\n\t\t<div class=\"elementor-element elementor-element-cbe8e68 e-grid e-con-full e-con e-parent\" data-id=\"cbe8e68\" data-element_type=\"container\">\n\t\t\t\t<div class=\"elementor-element elementor-element-ab62027 elementor-widget elementor-widget-image\" data-id=\"ab62027\" data-element_type=\"widget\" data-widget_type=\"image.default\">\n\t\t\t\t<div class=\"elementor-widget-container\">\n\t\t\t\t\t\t\t\t\t\t\t\t\t\t\t<img fetchpriority=\"high\" decoding=\"async\" width=\"604\" height=\"480\" src=\"https:\/\/pepezapata.net\/wp-content\/uploads\/2025\/03\/Contenedor-6.png\" class=\"attachment-large size-large wp-image-179\" alt=\"\" srcset=\"https:\/\/pepezapata.net\/wp-content\/uploads\/2025\/03\/Contenedor-6.png 604w, https:\/\/pepezapata.net\/wp-content\/uploads\/2025\/03\/Contenedor-6-300x238.png 300w\" sizes=\"(max-width: 604px) 100vw, 604px\" \/>\t\t\t\t\t\t\t\t\t\t\t\t\t\t\t<\/div>\n\t\t\t\t<\/div>\n\t\t\t\t<div class=\"elementor-element elementor-element-3cff26b elementor-widget elementor-widget-image\" data-id=\"3cff26b\" data-element_type=\"widget\" data-widget_type=\"image.default\">\n\t\t\t\t<div class=\"elementor-widget-container\">\n\t\t\t\t\t\t\t\t\t\t\t\t\t\t\t<img decoding=\"async\" width=\"604\" height=\"480\" src=\"https:\/\/pepezapata.net\/wp-content\/uploads\/2025\/03\/Contenedor12.png\" class=\"attachment-large size-large wp-image-180\" alt=\"\" srcset=\"https:\/\/pepezapata.net\/wp-content\/uploads\/2025\/03\/Contenedor12.png 604w, https:\/\/pepezapata.net\/wp-content\/uploads\/2025\/03\/Contenedor12-300x238.png 300w\" sizes=\"(max-width: 604px) 100vw, 604px\" \/>\t\t\t\t\t\t\t\t\t\t\t\t\t\t\t<\/div>\n\t\t\t\t<\/div>\n\t\t\t\t<\/div>\n\t\t\t\t<\/div>\n\t\t","protected":false},"excerpt":{"rendered":"<p>Reflexiones y contenidos sobre el arte y la cultura A trav\u00e9s de mi faceta como cultureta, exploro y comparto ideas sobre la cultura y las artes esc\u00e9nicas. Mis reflexiones est\u00e1n orientadas a enriquecer el panorama cultural con an\u00e1lisis profundos y opiniones sinceras. Este espacio es un punto de encuentro para quienes valoran el impacto del [&hellip;]<\/p>\n","protected":false},"author":1,"featured_media":0,"parent":0,"menu_order":0,"comment_status":"closed","ping_status":"closed","template":"","meta":{"footnotes":""},"class_list":["post-173","page","type-page","status-publish","hentry"],"_links":{"self":[{"href":"https:\/\/pepezapata.net\/index.php\/wp-json\/wp\/v2\/pages\/173","targetHints":{"allow":["GET"]}}],"collection":[{"href":"https:\/\/pepezapata.net\/index.php\/wp-json\/wp\/v2\/pages"}],"about":[{"href":"https:\/\/pepezapata.net\/index.php\/wp-json\/wp\/v2\/types\/page"}],"author":[{"embeddable":true,"href":"https:\/\/pepezapata.net\/index.php\/wp-json\/wp\/v2\/users\/1"}],"replies":[{"embeddable":true,"href":"https:\/\/pepezapata.net\/index.php\/wp-json\/wp\/v2\/comments?post=173"}],"version-history":[{"count":7,"href":"https:\/\/pepezapata.net\/index.php\/wp-json\/wp\/v2\/pages\/173\/revisions"}],"predecessor-version":[{"id":183,"href":"https:\/\/pepezapata.net\/index.php\/wp-json\/wp\/v2\/pages\/173\/revisions\/183"}],"wp:attachment":[{"href":"https:\/\/pepezapata.net\/index.php\/wp-json\/wp\/v2\/media?parent=173"}],"curies":[{"name":"wp","href":"https:\/\/api.w.org\/{rel}","templated":true}]}}