{"id":35,"date":"2025-03-19T13:58:41","date_gmt":"2025-03-19T13:58:41","guid":{"rendered":"https:\/\/pepezapata.net\/index.php\/contacto\/"},"modified":"2025-05-29T15:43:11","modified_gmt":"2025-05-29T15:43:11","slug":"contacto","status":"publish","type":"page","link":"https:\/\/pepezapata.net\/index.php\/contacto\/","title":{"rendered":"Contacto"},"content":{"rendered":"\t\t<div data-elementor-type=\"wp-page\" data-elementor-id=\"35\" class=\"elementor elementor-35\" data-elementor-post-type=\"page\">\n\t\t\t\t<div class=\"elementor-element elementor-element-6f2af32 e-con-full e-flex e-con e-parent\" data-id=\"6f2af32\" data-element_type=\"container\" data-settings=\"{&quot;background_background&quot;:&quot;classic&quot;}\">\n\t\t\t\t<div class=\"elementor-element elementor-element-0dcede1 elementor-widget__width-initial elementor-widget elementor-widget-heading\" data-id=\"0dcede1\" data-element_type=\"widget\" data-widget_type=\"heading.default\">\n\t\t\t\t<div class=\"elementor-widget-container\">\n\t\t\t\t\t<h1 class=\"elementor-heading-title elementor-size-default\">\u00a1Cont\u00e1ctame!<\/h1>\t\t\t\t<\/div>\n\t\t\t\t<\/div>\n\t\t\t\t<\/div>\n\t\t<div class=\"elementor-element elementor-element-483ab66 e-flex e-con-boxed e-con e-parent\" data-id=\"483ab66\" data-element_type=\"container\">\n\t\t\t\t\t<div class=\"e-con-inner\">\n\t\t<a class=\"elementor-element elementor-element-649de05 e-flex e-con-boxed e-con e-child\" data-id=\"649de05\" data-element_type=\"container\" href=\"mailto:pz.pepezapata@gmail.com\">\n\t\t\t\t\t<div class=\"e-con-inner\">\n\t\t\t\t<div class=\"elementor-element elementor-element-fd8bc8c elementor-view-default elementor-widget elementor-widget-icon\" data-id=\"fd8bc8c\" data-element_type=\"widget\" data-widget_type=\"icon.default\">\n\t\t\t\t<div class=\"elementor-widget-container\">\n\t\t\t\t\t\t\t<div class=\"elementor-icon-wrapper\">\n\t\t\t<div class=\"elementor-icon\">\n\t\t\t<svg xmlns=\"http:\/\/www.w3.org\/2000\/svg\" width=\"60\" height=\"59\" viewBox=\"0 0 60 59\" fill=\"none\"><g clip-path=\"url(#clip0_142_1263)\"><path d=\"M59.4818 29.1497C59.5497 36.9485 56.5097 44.4549 51.0303 50.0179C45.5509 55.5808 38.0806 58.7443 30.2636 58.8127C26.3929 58.8465 22.5535 58.1191 18.9646 56.6728C15.3756 55.2261 12.1074 53.0883 9.34663 50.3819C6.58584 47.6751 4.38645 44.4522 2.87407 40.8977C1.3617 37.3429 0.565944 33.5257 0.532247 29.6641C0.464183 21.8652 3.50427 14.3586 8.98373 8.79576C14.4632 3.23288 21.9332 0.0693523 29.7503 0.00112505C33.621 -0.0326534 37.4603 0.694499 41.0493 2.14107C44.6383 3.58765 47.9064 5.72531 50.6673 8.432C53.4282 11.1387 55.6274 14.3614 57.1397 17.9161C58.6523 21.4709 59.4479 25.288 59.4818 29.1497ZM44.6638 20.7846C44.6638 20.5689 44.6213 20.3553 44.5389 20.1561C44.4561 19.9568 44.3353 19.7758 44.1828 19.6233C44.0303 19.4708 43.8492 19.3498 43.6501 19.2673C43.4507 19.1847 43.2371 19.1423 43.0214 19.1423H16.9786C16.763 19.1423 16.5494 19.1847 16.3502 19.2673C16.1509 19.3498 15.9698 19.4708 15.8173 19.6233C15.6648 19.7758 15.5439 19.9568 15.4613 20.1561C15.3788 20.3553 15.3363 20.5689 15.3363 20.7846V38.0291C15.3363 38.4646 15.5093 38.8824 15.8173 39.1905C16.1253 39.4986 16.5431 39.6715 16.9786 39.6715H43.0214C43.4569 39.6715 43.8747 39.4986 44.1828 39.1905C44.4909 38.8824 44.6638 38.4646 44.6638 38.0291V20.7846Z\" fill=\"#515151\"><\/path><path d=\"M44.6638 38.0294C44.6638 38.4649 44.4909 38.8827 44.1828 39.1908C43.8747 39.4989 43.4569 39.6718 43.0214 39.6718H16.9786C16.5431 39.6718 16.1254 39.4989 15.8173 39.1908C15.5093 38.8827 15.3363 38.4649 15.3363 38.0294V20.7849C15.3363 20.5692 15.3788 20.3557 15.4613 20.1564C15.5439 19.9572 15.6648 19.7761 15.8173 19.6236C15.9698 19.4711 16.1509 19.3501 16.3502 19.2676C16.5494 19.1851 16.763 19.1426 16.9786 19.1426H43.0214C43.2371 19.1426 43.4507 19.1851 43.6501 19.2676C43.8492 19.3501 44.0303 19.4711 44.1828 19.6236C44.3353 19.7761 44.4561 19.9572 44.5389 20.1564C44.6213 20.3557 44.6638 20.5692 44.6638 20.7849V38.0294ZM41.1272 20.6952L18.897 20.678C18.6739 20.678 18.6567 20.7366 18.8453 20.8539L29.862 27.651C29.9059 27.678 29.9564 27.6922 30.0082 27.6922C30.0599 27.6922 30.1108 27.678 30.1553 27.651L41.1997 20.8229C41.3353 20.7401 41.3111 20.6975 41.1272 20.6952ZM30.0656 29.4935C30.047 29.5051 30.0255 29.5112 30.0035 29.5112C29.9816 29.5112 29.96 29.5051 29.9414 29.4935L17.0684 21.5543C17.0505 21.5432 17.0301 21.5371 17.0091 21.5366C16.9882 21.536 16.9674 21.5412 16.9491 21.5514C16.9308 21.5616 16.9155 21.5766 16.905 21.5947C16.8944 21.6128 16.8889 21.6334 16.8889 21.6544L16.8717 38.0398C16.8717 38.0708 16.8841 38.1009 16.906 38.1226C16.9281 38.1447 16.9579 38.1571 16.989 38.1571L42.9869 38.1226C43.018 38.1226 43.048 38.1102 43.0698 38.0881C43.0918 38.0664 43.1043 38.0363 43.1043 38.0053L43.1284 21.6371C43.1284 21.6162 43.1229 21.5955 43.1125 21.5774C43.1018 21.5593 43.0867 21.5444 43.0684 21.5341C43.0501 21.5239 43.029 21.5188 43.0083 21.5193C42.9873 21.5198 42.9669 21.526 42.949 21.5371L30.0656 29.4935Z\" fill=\"white\"><\/path><path d=\"M18.8969 20.6777L41.1272 20.695C41.3111 20.6973 41.3352 20.7398 41.1996 20.8226L30.1552 27.6508C30.1108 27.6778 30.0598 27.692 30.0081 27.692C29.9563 27.692 29.9058 27.6778 29.8619 27.6508L18.8452 20.8537C18.6566 20.7364 18.6738 20.6777 18.8969 20.6777Z\" fill=\"#515151\"><\/path><path d=\"M30.0655 29.4927L42.9489 21.5364C42.9668 21.5253 42.9872 21.5191 43.0082 21.5186C43.0289 21.5181 43.05 21.5232 43.0683 21.5334C43.0866 21.5436 43.1017 21.5586 43.1124 21.5767C43.1228 21.5948 43.1283 21.6154 43.1283 21.6364L43.1042 38.0046C43.1042 38.0356 43.0917 38.0656 43.0696 38.0874C43.0479 38.1095 43.0179 38.1219 42.9868 38.1219L16.9889 38.1564C16.9578 38.1564 16.928 38.144 16.9059 38.1219C16.884 38.1001 16.8716 38.0701 16.8716 38.0391L16.8888 21.6537C16.8888 21.6327 16.8943 21.6121 16.9049 21.5939C16.9154 21.5758 16.9307 21.5609 16.949 21.5507C16.9673 21.5404 16.9881 21.5353 17.009 21.5358C17.03 21.5364 17.0504 21.5425 17.0682 21.5536L29.9413 29.4927C29.9599 29.5044 29.9815 29.5105 30.0034 29.5105C30.0254 29.5105 30.0469 29.5044 30.0655 29.4927ZM24.8929 31.8913C24.8928 31.8442 24.8833 31.7975 24.8651 31.7541C24.8469 31.7106 24.8204 31.6711 24.7869 31.6379C24.7535 31.6047 24.7139 31.5784 24.6702 31.5605C24.6266 31.5427 24.5799 31.5335 24.5328 31.5337L19.6748 31.5507C19.6277 31.5508 19.5811 31.5603 19.5376 31.5785C19.4941 31.5967 19.4547 31.6232 19.4215 31.6567C19.3883 31.6901 19.362 31.7297 19.3441 31.7733C19.3262 31.8169 19.3171 31.8636 19.3173 31.9108L19.3185 32.2489C19.3186 32.296 19.3281 32.3426 19.3463 32.3861C19.3645 32.4296 19.391 32.4691 19.4245 32.5023C19.4579 32.5354 19.4975 32.5617 19.5411 32.5796C19.5847 32.5975 19.6314 32.6066 19.6785 32.6065L24.5365 32.5895C24.5836 32.5893 24.6303 32.5799 24.6737 32.5617C24.7172 32.5435 24.7567 32.5169 24.7899 32.4835C24.8231 32.4501 24.8494 32.4104 24.8673 32.3668C24.8852 32.3232 24.8943 32.2765 24.8941 32.2294L24.8929 31.8913ZM29.8 34.6119C29.8001 34.5563 29.7893 34.5017 29.7683 34.4506C29.7472 34.3995 29.7163 34.3531 29.6773 34.3139C29.6382 34.2747 29.5919 34.2436 29.5408 34.2224C29.4898 34.2012 29.4351 34.1902 29.3798 34.1901L19.7259 34.1733C19.6707 34.1732 19.6159 34.184 19.5648 34.205C19.5137 34.2261 19.4672 34.257 19.4281 34.296C19.3889 34.335 19.3579 34.3814 19.3366 34.4324C19.3154 34.4835 19.3044 34.5381 19.3043 34.5936L19.3038 34.842C19.3038 34.8972 19.3145 34.9518 19.3356 35.0032C19.3567 35.0542 19.3876 35.1005 19.4266 35.1398C19.4656 35.1788 19.512 35.2098 19.563 35.2312C19.614 35.2526 19.6688 35.2633 19.724 35.2637L29.3779 35.2802C29.4332 35.2806 29.488 35.2695 29.5391 35.2485C29.5902 35.2274 29.6366 35.1967 29.6758 35.1577C29.715 35.1187 29.746 35.0722 29.7673 35.0211C29.7885 34.97 29.7995 34.9155 29.7996 34.8603L29.8 34.6119Z\" fill=\"#515151\"><\/path><path d=\"M24.5328 31.5342L19.6749 31.5512C19.4767 31.5518 19.3166 31.713 19.3173 31.9112L19.3185 32.2494C19.3192 32.4475 19.4804 32.6076 19.6785 32.6069L24.5365 32.59C24.7347 32.5893 24.8948 32.4281 24.8941 32.2299L24.8929 31.8918C24.8922 31.6936 24.731 31.5335 24.5328 31.5342Z\" fill=\"white\"><\/path><path d=\"M29.3798 34.1907L19.7259 34.1738C19.4935 34.1734 19.3047 34.3616 19.3043 34.5942L19.3038 34.8426C19.3035 35.0748 19.4916 35.2635 19.724 35.2642L29.3779 35.2808C29.6104 35.2815 29.7992 35.0931 29.7996 34.8609L29.8 34.6125C29.8005 34.3798 29.6123 34.191 29.3798 34.1907Z\" fill=\"white\"><\/path><\/g><defs><clipPath id=\"clip0_142_1263\"><rect width=\"59\" height=\"59\" fill=\"white\" transform=\"translate(0.5)\"><\/rect><\/clipPath><\/defs><\/svg>\t\t\t<\/div>\n\t\t<\/div>\n\t\t\t\t\t\t<\/div>\n\t\t\t\t<\/div>\n\t\t\t\t<div class=\"elementor-element elementor-element-61e6042 elementor-widget elementor-widget-heading\" data-id=\"61e6042\" data-element_type=\"widget\" data-widget_type=\"heading.default\">\n\t\t\t\t<div class=\"elementor-widget-container\">\n\t\t\t\t\t<h2 class=\"elementor-heading-title elementor-size-default\">Correo electr\u00f3nico<\/h2>\t\t\t\t<\/div>\n\t\t\t\t<\/div>\n\t\t\t\t<div class=\"elementor-element elementor-element-423bfd9 elementor-widget elementor-widget-text-editor\" data-id=\"423bfd9\" data-element_type=\"widget\" data-widget_type=\"text-editor.default\">\n\t\t\t\t<div class=\"elementor-widget-container\">\n\t\t\t\t\t\t\t\t\t<p><span style=\"white-space-collapse: preserve;\">pz.pepezapata@gmail.com<\/span><\/p>\t\t\t\t\t\t\t\t<\/div>\n\t\t\t\t<\/div>\n\t\t\t\t\t<\/div>\n\t\t\t\t<\/a>\n\t\t<a class=\"elementor-element elementor-element-1b2497d e-flex e-con-boxed e-con e-child\" data-id=\"1b2497d\" data-element_type=\"container\" href=\"tel:+34616645517\">\n\t\t\t\t\t<div class=\"e-con-inner\">\n\t\t\t\t<div class=\"elementor-element elementor-element-034d4d5 elementor-view-default elementor-widget elementor-widget-icon\" data-id=\"034d4d5\" data-element_type=\"widget\" data-widget_type=\"icon.default\">\n\t\t\t\t<div class=\"elementor-widget-container\">\n\t\t\t\t\t\t\t<div class=\"elementor-icon-wrapper\">\n\t\t\t<div class=\"elementor-icon\">\n\t\t\t<svg xmlns=\"http:\/\/www.w3.org\/2000\/svg\" width=\"60\" height=\"59\" viewBox=\"0 0 60 59\" fill=\"none\"><g clip-path=\"url(#clip0_142_1273)\"><path d=\"M59.4931 29.5C59.4931 37.3237 56.4034 44.8272 50.9033 50.3596C45.4032 55.8921 37.9436 59 30.1656 59C22.3875 59 14.9279 55.8921 9.42795 50.3596C3.92799 44.8272 0.838135 37.3237 0.838135 29.5C0.838135 21.6761 3.92799 14.1727 9.42795 8.64034C14.9279 3.10803 22.3875 0 30.1656 0C37.9436 0 45.4032 3.10803 50.9033 8.64034C56.4034 14.1727 59.4931 21.6761 59.4931 29.5ZM43.3526 21.8682C43.3802 18.4462 41.0375 15.6176 37.8046 14.8194C37.3733 14.7118 36.9075 14.5105 36.5004 14.7986C36.3986 14.8707 36.3178 14.9686 36.2657 15.0822C36.2136 15.1959 36.1923 15.3214 36.2036 15.446C36.2154 15.5707 36.2592 15.69 36.3313 15.792C36.4034 15.8941 36.5011 15.9752 36.6142 16.0272C39.3365 17.2835 41.3653 17.8041 41.7552 21.2851C41.8311 21.9341 42.1036 23.1696 43.0835 22.4131C43.1663 22.348 43.2336 22.2652 43.2802 22.1709C43.3268 22.0766 43.3516 21.9731 43.3526 21.8682ZM39.7022 33.0192C37.2801 30.8049 35.3445 33.0435 33.5711 34.9106C33.5366 34.9471 33.4909 34.9707 33.4414 34.9776C33.3919 34.9846 33.3415 34.9745 33.2985 34.9488C30.0989 33.0238 27.5227 30.4648 25.5698 27.2719C25.5268 27.2016 25.5089 27.1189 25.5189 27.0374C25.529 26.956 25.5664 26.8807 25.625 26.8242C27.6504 24.8633 29.8724 23.1141 27.1742 20.3654C26.0598 19.2305 23.9689 16.7039 22.5025 16.3187C20.4116 15.7738 18.2276 18.4358 17.0131 20.0808C14.8153 23.0551 17.5134 28.6636 19.1937 31.3498C22.9787 37.4025 29.7171 43.3234 36.9869 44.3159C38.5074 44.5242 39.8206 44.1192 40.9271 43.1012C42.8696 41.3174 45.2607 39.5682 43.5217 36.9062C43.0915 36.2493 41.8183 34.9533 39.7022 33.0192ZM40.5131 28.0215C40.6683 21.9584 36.2071 17.3634 30.4693 16.3014C29.8102 16.1799 29.2996 16.4263 29.4169 17.1759C29.4353 17.2893 29.4905 17.3796 29.5825 17.4466C29.9207 17.6896 30.1955 17.8365 30.4071 17.8874C35.693 19.1785 38.5799 22.5206 39.0674 27.9139C39.1226 28.5456 39.4469 28.733 40.0369 28.6046C40.1697 28.5751 40.2888 28.5016 40.375 28.3959C40.4616 28.2901 40.5099 28.1583 40.5131 28.0215Z\" fill=\"#515151\"><\/path><path d=\"M37.8046 14.8196C41.0375 15.6178 43.3803 18.4464 43.3527 21.8684C43.3516 21.9733 43.3268 22.0767 43.2802 22.1711C43.2336 22.2654 43.1663 22.3482 43.0835 22.4133C42.1037 23.1698 41.8311 21.9343 41.7552 21.2853C41.3653 17.8043 39.3365 17.2837 36.6142 16.0274C36.5011 15.9754 36.4034 15.8943 36.3313 15.7922C36.2592 15.6902 36.2154 15.5709 36.2037 15.4462C36.1923 15.3216 36.2137 15.1961 36.2658 15.0824C36.3179 14.9688 36.3986 14.8709 36.5004 14.7988C36.9075 14.5107 37.3733 14.712 37.8046 14.8196Z\" fill=\"white\"><\/path><path d=\"M39.7022 33.0188C41.8183 34.953 43.0914 36.2489 43.5217 36.9059C45.2606 39.5678 42.8696 41.317 40.9271 43.1009C39.8206 44.1188 38.5074 44.5238 36.9868 44.3156C29.7171 43.323 22.9786 37.4022 19.1937 31.3495C17.5134 28.6632 14.8152 23.0548 17.0131 20.0805C18.2276 18.4354 20.4116 15.7735 22.5025 16.3184C23.9689 16.7036 26.0598 19.2302 27.1742 20.3651C29.8723 23.1138 27.6503 24.863 25.625 26.8238C25.5664 26.8804 25.529 26.9557 25.5189 27.0371C25.5089 27.1186 25.5268 27.2013 25.5698 27.2715C27.5227 30.4645 30.0989 33.0235 33.2985 34.9485C33.3415 34.9742 33.3919 34.9842 33.4414 34.9773C33.4909 34.9703 33.5366 34.9467 33.571 34.9103C35.3445 33.0431 37.2801 30.8046 39.7022 33.0188ZM38.2772 34.1121C36.7833 32.8002 35.1168 36.663 33.4158 36.8087C33.3031 36.8177 33.1917 36.7948 33.0949 36.7428C29.3571 34.7437 26.4025 31.9233 24.2311 28.2815C23.6998 27.3895 23.4203 26.5531 24.2311 25.7931C25.0799 24.9948 27.5296 23.1624 26.4427 22.0691C25.3593 20.9748 24.2748 19.885 23.1891 18.7998C21.2535 16.8667 19.9389 19.2267 18.7313 20.5976C17.5893 21.8956 17.7721 24.207 18.3621 25.7237C21.0511 32.6417 25.7331 37.7815 32.4083 41.1435C34.0368 41.9625 37.8839 43.4965 39.4952 42.1847C39.962 41.8053 40.8936 40.8624 42.2899 39.3561C42.3682 39.2728 42.4131 39.1746 42.4245 39.0611C42.566 37.6625 39.3158 35.0248 38.2772 34.1121Z\" fill=\"white\"><\/path><path d=\"M30.4692 16.301C36.2071 17.363 40.6683 21.958 40.513 28.0212C40.5099 28.1579 40.4616 28.2897 40.375 28.3955C40.2887 28.5012 40.1697 28.5747 40.0369 28.6042C39.4469 28.7326 39.1225 28.5452 39.0673 27.9136C38.5798 22.5203 35.693 19.1781 30.4071 17.887C30.1955 17.8361 29.9206 17.6892 29.5825 17.4463C29.4905 17.3792 29.4353 17.289 29.4169 17.1756C29.2996 16.4259 29.8102 16.1795 30.4692 16.301Z\" fill=\"white\"><\/path><path d=\"M38.2773 34.1125C39.3158 35.0252 42.566 37.6629 42.4245 39.0615C42.4132 39.175 42.3683 39.2732 42.29 39.3565C40.8937 40.8628 39.9621 41.8057 39.4952 42.1851C37.884 43.4969 34.0369 41.9629 32.4083 41.1439C25.7332 37.7819 21.0511 32.6421 18.3622 25.7241C17.7722 24.2074 17.5893 21.896 18.7314 20.598C19.939 19.2271 21.2536 16.8671 23.1892 18.8002C24.2749 19.8854 25.3594 20.9751 26.4428 22.0695C27.5296 23.1628 25.0799 24.9952 24.2312 25.7935C23.4203 26.5535 23.6998 27.3899 24.2312 28.2819C26.4025 31.9237 29.3572 34.7441 33.095 36.7432C33.1918 36.7952 33.3031 36.8181 33.4158 36.8091C35.1168 36.6633 36.7833 32.8006 38.2773 34.1125Z\" fill=\"#515151\"><\/path><\/g><defs><clipPath id=\"clip0_142_1273\"><rect width=\"59\" height=\"59\" fill=\"white\" transform=\"translate(0.5)\"><\/rect><\/clipPath><\/defs><\/svg>\t\t\t<\/div>\n\t\t<\/div>\n\t\t\t\t\t\t<\/div>\n\t\t\t\t<\/div>\n\t\t\t\t<div class=\"elementor-element elementor-element-7ebfcec elementor-widget elementor-widget-heading\" data-id=\"7ebfcec\" data-element_type=\"widget\" data-widget_type=\"heading.default\">\n\t\t\t\t<div class=\"elementor-widget-container\">\n\t\t\t\t\t<h2 class=\"elementor-heading-title elementor-size-default\">Tel\u00e9fono<\/h2>\t\t\t\t<\/div>\n\t\t\t\t<\/div>\n\t\t\t\t<div class=\"elementor-element elementor-element-ce02f16 elementor-widget elementor-widget-text-editor\" data-id=\"ce02f16\" data-element_type=\"widget\" data-widget_type=\"text-editor.default\">\n\t\t\t\t<div class=\"elementor-widget-container\">\n\t\t\t\t\t\t\t\t\t<p>+34 616 645 517<\/p>\t\t\t\t\t\t\t\t<\/div>\n\t\t\t\t<\/div>\n\t\t\t\t\t<\/div>\n\t\t\t\t<\/a>\n\t\t\t\t\t<\/div>\n\t\t\t\t<\/div>\n\t\t<div class=\"elementor-element elementor-element-8cf8912 e-con-full e-flex e-con e-parent\" data-id=\"8cf8912\" data-element_type=\"container\" data-settings=\"{&quot;background_background&quot;:&quot;classic&quot;}\">\n\t\t\t\t<div class=\"elementor-element elementor-element-fff4017 elementor-widget elementor-widget-heading\" data-id=\"fff4017\" data-element_type=\"widget\" data-widget_type=\"heading.default\">\n\t\t\t\t<div class=\"elementor-widget-container\">\n\t\t\t\t\t<h2 class=\"elementor-heading-title elementor-size-default\">Estoy aqu\u00ed para ti<\/h2>\t\t\t\t<\/div>\n\t\t\t\t<\/div>\n\t\t\t\t<div class=\"elementor-element elementor-element-e685705 elementor-widget__width-initial elementor-widget elementor-widget-text-editor\" data-id=\"e685705\" data-element_type=\"widget\" data-widget_type=\"text-editor.default\">\n\t\t\t\t<div class=\"elementor-widget-container\">\n\t\t\t\t\t\t\t\t\t<p>Env\u00edame un mensaje si deseas m\u00e1s informaci\u00f3n sobre mi carrera profesional o cu\u00e9ntame con qu\u00e9 proyecto te puedo ayudar. Te responder\u00e9 lo m\u00e1s pronto posible.<\/p>\t\t\t\t\t\t\t\t<\/div>\n\t\t\t\t<\/div>\n\t\t\t\t<div class=\"elementor-element elementor-element-9128d76 elementor-button-align-start elementor-tablet-button-align-center elementor-widget__width-inherit elementor-widget-tablet__width-initial elementor-widget elementor-widget-form\" data-id=\"9128d76\" data-element_type=\"widget\" data-settings=\"{&quot;step_next_label&quot;:&quot;Siguiente&quot;,&quot;step_previous_label&quot;:&quot;Anterior&quot;,&quot;button_width&quot;:&quot;100&quot;,&quot;step_type&quot;:&quot;number_text&quot;,&quot;step_icon_shape&quot;:&quot;circle&quot;}\" data-widget_type=\"form.default\">\n\t\t\t\t<div class=\"elementor-widget-container\">\n\t\t\t\t\t\t\t<form class=\"elementor-form\" method=\"post\" name=\"Formulario de contacto\" aria-label=\"Formulario de contacto\" novalidate=\"\">\n\t\t\t<input type=\"hidden\" name=\"post_id\" value=\"35\"\/>\n\t\t\t<input type=\"hidden\" name=\"form_id\" value=\"9128d76\"\/>\n\t\t\t<input type=\"hidden\" name=\"referer_title\" value=\"Contacto | Pepe Zapata\" \/>\n\n\t\t\t\t\t\t\t<input type=\"hidden\" name=\"queried_id\" value=\"35\"\/>\n\t\t\t\n\t\t\t<div class=\"elementor-form-fields-wrapper elementor-labels-above\">\n\t\t\t\t\t\t\t\t<div class=\"elementor-field-type-text elementor-field-group elementor-column elementor-field-group-name elementor-col-50\">\n\t\t\t\t\t\t\t\t\t\t\t\t<label for=\"form-field-name\" class=\"elementor-field-label\">\n\t\t\t\t\t\t\t\tNombre\t\t\t\t\t\t\t<\/label>\n\t\t\t\t\t\t\t\t\t\t\t\t\t\t<input size=\"1\" type=\"text\" name=\"form_fields[name]\" id=\"form-field-name\" class=\"elementor-field elementor-size-sm  elementor-field-textual\">\n\t\t\t\t\t\t\t\t\t\t\t<\/div>\n\t\t\t\t\t\t\t\t<div class=\"elementor-field-type-tel elementor-field-group elementor-column elementor-field-group-field_18f0fa7 elementor-col-50\">\n\t\t\t\t\t\t\t\t\t\t\t\t<label for=\"form-field-field_18f0fa7\" class=\"elementor-field-label\">\n\t\t\t\t\t\t\t\tTel\u00e9fono \t\t\t\t\t\t\t<\/label>\n\t\t\t\t\t\t\t\t<input size=\"1\" type=\"tel\" name=\"form_fields[field_18f0fa7]\" id=\"form-field-field_18f0fa7\" class=\"elementor-field elementor-size-sm  elementor-field-textual\" pattern=\"[0-9()#&amp;+*-=.]+\" title=\"Solo se aceptan n\u00fameros y caracteres de tel\u00e9fono (#,-,*,etc).\">\n\n\t\t\t\t\t\t<\/div>\n\t\t\t\t\t\t\t\t<div class=\"elementor-field-type-email elementor-field-group elementor-column elementor-field-group-email elementor-col-100 elementor-field-required\">\n\t\t\t\t\t\t\t\t\t\t\t\t<label for=\"form-field-email\" class=\"elementor-field-label\">\n\t\t\t\t\t\t\t\tCorreo electr\u00f3nico\t\t\t\t\t\t\t<\/label>\n\t\t\t\t\t\t\t\t\t\t\t\t\t\t<input size=\"1\" type=\"email\" name=\"form_fields[email]\" id=\"form-field-email\" class=\"elementor-field elementor-size-sm  elementor-field-textual\" required=\"required\">\n\t\t\t\t\t\t\t\t\t\t\t<\/div>\n\t\t\t\t\t\t\t\t<div class=\"elementor-field-type-textarea elementor-field-group elementor-column elementor-field-group-message elementor-col-100\">\n\t\t\t\t\t\t\t\t\t\t\t\t<label for=\"form-field-message\" class=\"elementor-field-label\">\n\t\t\t\t\t\t\t\tMensaje\t\t\t\t\t\t\t<\/label>\n\t\t\t\t\t\t<textarea class=\"elementor-field-textual elementor-field  elementor-size-sm\" name=\"form_fields[message]\" id=\"form-field-message\" rows=\"4\"><\/textarea>\t\t\t\t<\/div>\n\t\t\t\t\t\t\t\t<div class=\"elementor-field-group elementor-column elementor-field-type-submit elementor-col-100 e-form__buttons\">\n\t\t\t\t\t<button class=\"elementor-button elementor-size-sm\" type=\"submit\">\n\t\t\t\t\t\t<span class=\"elementor-button-content-wrapper\">\n\t\t\t\t\t\t\t\t\t\t\t\t\t\t\t\t\t\t\t\t\t\t<span class=\"elementor-button-text\">Enviar<\/span>\n\t\t\t\t\t\t\t\t\t\t\t\t\t<\/span>\n\t\t\t\t\t<\/button>\n\t\t\t\t<\/div>\n\t\t\t<\/div>\n\t\t<\/form>\n\t\t\t\t\t\t<\/div>\n\t\t\t\t<\/div>\n\t\t\t\t<\/div>\n\t\t\t\t<\/div>\n\t\t","protected":false},"excerpt":{"rendered":"<p>\u00a1Cont\u00e1ctame! Correo electr\u00f3nico pz.pepezapata@gmail.com Tel\u00e9fono +34 616 645 517 Estoy aqu\u00ed para ti Env\u00edame un mensaje si deseas m\u00e1s informaci\u00f3n sobre mi carrera profesional o cu\u00e9ntame con qu\u00e9 proyecto te puedo ayudar. Te responder\u00e9 lo m\u00e1s pronto posible.<\/p>\n","protected":false},"author":1,"featured_media":0,"parent":0,"menu_order":0,"comment_status":"closed","ping_status":"closed","template":"","meta":{"footnotes":""},"class_list":["post-35","page","type-page","status-publish","hentry"],"_links":{"self":[{"href":"https:\/\/pepezapata.net\/index.php\/wp-json\/wp\/v2\/pages\/35","targetHints":{"allow":["GET"]}}],"collection":[{"href":"https:\/\/pepezapata.net\/index.php\/wp-json\/wp\/v2\/pages"}],"about":[{"href":"https:\/\/pepezapata.net\/index.php\/wp-json\/wp\/v2\/types\/page"}],"author":[{"embeddable":true,"href":"https:\/\/pepezapata.net\/index.php\/wp-json\/wp\/v2\/users\/1"}],"replies":[{"embeddable":true,"href":"https:\/\/pepezapata.net\/index.php\/wp-json\/wp\/v2\/comments?post=35"}],"version-history":[{"count":19,"href":"https:\/\/pepezapata.net\/index.php\/wp-json\/wp\/v2\/pages\/35\/revisions"}],"predecessor-version":[{"id":219,"href":"https:\/\/pepezapata.net\/index.php\/wp-json\/wp\/v2\/pages\/35\/revisions\/219"}],"wp:attachment":[{"href":"https:\/\/pepezapata.net\/index.php\/wp-json\/wp\/v2\/media?parent=35"}],"curies":[{"name":"wp","href":"https:\/\/api.w.org\/{rel}","templated":true}]}}