{"id":38,"date":"2025-03-19T13:58:41","date_gmt":"2025-03-19T13:58:41","guid":{"rendered":"https:\/\/pepezapata.net\/index.php\/sobre-nosotros\/"},"modified":"2025-03-19T13:58:43","modified_gmt":"2025-03-19T13:58:43","slug":"sobre-nosotros","status":"publish","type":"page","link":"https:\/\/pepezapata.net\/index.php\/sobre-nosotros\/","title":{"rendered":"Sobre nosotros"},"content":{"rendered":"\t\t<div data-elementor-type=\"wp-page\" data-elementor-id=\"38\" class=\"elementor elementor-38\" data-elementor-post-type=\"page\">\n\t\t\t\t<div class=\"elementor-element elementor-element-1c973aa9 e-flex e-con-boxed e-con e-parent\" data-id=\"1c973aa9\" data-element_type=\"container\">\n\t\t\t\t\t<div class=\"e-con-inner\">\n\t\t<div class=\"elementor-element elementor-element-1f04f89b e-con-full e-flex e-con e-child\" data-id=\"1f04f89b\" data-element_type=\"container\">\n\t\t\t\t<div class=\"elementor-element elementor-element-3ec4946b elementor-widget elementor-widget-heading\" data-id=\"3ec4946b\" data-element_type=\"widget\" data-widget_type=\"heading.default\">\n\t\t\t\t<div class=\"elementor-widget-container\">\n\t\t\t\t\t<h1 class=\"elementor-heading-title elementor-size-default\">A\u00f1ade aqu\u00ed tu texto de cabecera<\/h1>\t\t\t\t<\/div>\n\t\t\t\t<\/div>\n\t\t\t\t<div class=\"elementor-element elementor-element-61a01a6f elementor-widget elementor-widget-text-editor\" data-id=\"61a01a6f\" data-element_type=\"widget\" data-widget_type=\"text-editor.default\">\n\t\t\t\t<div class=\"elementor-widget-container\">\n\t\t\t\t\t\t\t\t\t<p>Lorem ipsum dolor sit amet, consectetur adipiscing elit. Ut elit tellus, luctus nec ullamcorper mattis, pulvinar dapibus leo.<\/p>\t\t\t\t\t\t\t\t<\/div>\n\t\t\t\t<\/div>\n\t\t\t\t<div class=\"elementor-element elementor-element-278dde0 elementor-widget elementor-widget-button\" data-id=\"278dde0\" data-element_type=\"widget\" data-widget_type=\"button.default\">\n\t\t\t\t<div class=\"elementor-widget-container\">\n\t\t\t\t\t\t\t\t\t<div class=\"elementor-button-wrapper\">\n\t\t\t\t\t<a class=\"elementor-button elementor-button-link elementor-size-sm\" href=\"#\">\n\t\t\t\t\t\t<span class=\"elementor-button-content-wrapper\">\n\t\t\t\t\t\t\t\t\t<span class=\"elementor-button-text\">Haz clic aqu\u00ed<\/span>\n\t\t\t\t\t<\/span>\n\t\t\t\t\t<\/a>\n\t\t\t\t<\/div>\n\t\t\t\t\t\t\t\t<\/div>\n\t\t\t\t<\/div>\n\t\t\t\t<\/div>\n\t\t<div class=\"elementor-element elementor-element-220f38e1 e-con-full e-flex e-con e-child\" data-id=\"220f38e1\" data-element_type=\"container\">\n\t\t\t\t<div class=\"elementor-element elementor-element-1150175c elementor-widget elementor-widget-image\" data-id=\"1150175c\" data-element_type=\"widget\" data-widget_type=\"image.default\">\n\t\t\t\t<div class=\"elementor-widget-container\">\n\t\t\t\t\t\t\t\t\t\t\t\t\t\t\t<img fetchpriority=\"high\" decoding=\"async\" width=\"1200\" height=\"800\" src=\"https:\/\/pepezapata.net\/wp-content\/uploads\/2025\/03\/placeholder-2.png\" class=\"attachment-full size-full wp-image-10\" alt=\"\" srcset=\"https:\/\/pepezapata.net\/wp-content\/uploads\/2025\/03\/placeholder-2.png 1200w, https:\/\/pepezapata.net\/wp-content\/uploads\/2025\/03\/placeholder-2-300x200.png 300w, https:\/\/pepezapata.net\/wp-content\/uploads\/2025\/03\/placeholder-2-1024x683.png 1024w, https:\/\/pepezapata.net\/wp-content\/uploads\/2025\/03\/placeholder-2-768x512.png 768w\" sizes=\"(max-width: 1200px) 100vw, 1200px\" \/>\t\t\t\t\t\t\t\t\t\t\t\t\t\t\t<\/div>\n\t\t\t\t<\/div>\n\t\t\t\t<\/div>\n\t\t\t\t\t<\/div>\n\t\t\t\t<\/div>\n\t\t<div class=\"elementor-element elementor-element-a306068 e-flex e-con-boxed e-con e-parent\" data-id=\"a306068\" data-element_type=\"container\">\n\t\t\t\t\t<div class=\"e-con-inner\">\n\t\t<div class=\"elementor-element elementor-element-691ab56f e-con-full e-flex e-con e-child\" data-id=\"691ab56f\" data-element_type=\"container\">\n\t\t\t\t<div class=\"elementor-element elementor-element-2ac2a459 elementor-widget elementor-widget-heading\" data-id=\"2ac2a459\" data-element_type=\"widget\" data-widget_type=\"heading.default\">\n\t\t\t\t<div class=\"elementor-widget-container\">\n\t\t\t\t\t<h2 class=\"elementor-heading-title elementor-size-default\">A\u00f1ade aqu\u00ed tu texto de cabecera<\/h2>\t\t\t\t<\/div>\n\t\t\t\t<\/div>\n\t\t\t\t<div class=\"elementor-element elementor-element-70a0f0d4 elementor-widget__width-initial elementor-widget elementor-widget-text-editor\" data-id=\"70a0f0d4\" data-element_type=\"widget\" data-widget_type=\"text-editor.default\">\n\t\t\t\t<div class=\"elementor-widget-container\">\n\t\t\t\t\t\t\t\t\t<p>Lorem fistrum por la gloria de mi madre esse jarl aliqua llevame al sircoo. De la pradera ullamco qu\u00e9 dise usteer est\u00e1 la cosa muy malar. Lorem fistrum por la gloria de mi madre esse jarl aliqua llevame al sircoo. De la pradera ullamco qu\u00e9 dise usteer.<\/p>\t\t\t\t\t\t\t\t<\/div>\n\t\t\t\t<\/div>\n\t\t\t\t<\/div>\n\t\t<div class=\"elementor-element elementor-element-39c0d455 e-con-full e-flex e-con e-child\" data-id=\"39c0d455\" data-element_type=\"container\">\n\t\t\t\t<div class=\"elementor-element elementor-element-5af0c214 elementor-widget elementor-widget-heading\" data-id=\"5af0c214\" data-element_type=\"widget\" data-widget_type=\"heading.default\">\n\t\t\t\t<div class=\"elementor-widget-container\">\n\t\t\t\t\t<span class=\"elementor-heading-title elementor-size-default\">A\u00f1ade aqu\u00ed tu texto de cabecera<\/span>\t\t\t\t<\/div>\n\t\t\t\t<\/div>\n\t\t\t\t<div class=\"elementor-element elementor-element-331d2159 elementor-widget elementor-widget-heading\" data-id=\"331d2159\" data-element_type=\"widget\" data-widget_type=\"heading.default\">\n\t\t\t\t<div class=\"elementor-widget-container\">\n\t\t\t\t\t<h3 class=\"elementor-heading-title elementor-size-default\">A\u00f1ade aqu\u00ed tu texto de cabecera<\/h3>\t\t\t\t<\/div>\n\t\t\t\t<\/div>\n\t\t\t\t<div class=\"elementor-element elementor-element-57c548d elementor-widget elementor-widget-text-editor\" data-id=\"57c548d\" data-element_type=\"widget\" data-widget_type=\"text-editor.default\">\n\t\t\t\t<div class=\"elementor-widget-container\">\n\t\t\t\t\t\t\t\t\t<p>Lorem ipsum dolor sit amet, consectetur adipiscing elit. Ut elit tellus, luctus nec ullamcorper mattis, pulvinar dapibus leo.<\/p>\t\t\t\t\t\t\t\t<\/div>\n\t\t\t\t<\/div>\n\t\t\t\t<div class=\"elementor-element elementor-element-555da353 elementor-widget elementor-widget-button\" data-id=\"555da353\" data-element_type=\"widget\" data-widget_type=\"button.default\">\n\t\t\t\t<div class=\"elementor-widget-container\">\n\t\t\t\t\t\t\t\t\t<div class=\"elementor-button-wrapper\">\n\t\t\t\t\t<a class=\"elementor-button elementor-button-link elementor-size-sm\" href=\"#\">\n\t\t\t\t\t\t<span class=\"elementor-button-content-wrapper\">\n\t\t\t\t\t\t\t\t\t<span class=\"elementor-button-text\">Haz clic aqu\u00ed<\/span>\n\t\t\t\t\t<\/span>\n\t\t\t\t\t<\/a>\n\t\t\t\t<\/div>\n\t\t\t\t\t\t\t\t<\/div>\n\t\t\t\t<\/div>\n\t\t\t\t<\/div>\n\t\t<div class=\"elementor-element elementor-element-398c2a98 e-con-full e-flex e-con e-child\" data-id=\"398c2a98\" data-element_type=\"container\">\n\t\t\t\t<div class=\"elementor-element elementor-element-47329ee7 elementor-widget elementor-widget-heading\" data-id=\"47329ee7\" data-element_type=\"widget\" data-widget_type=\"heading.default\">\n\t\t\t\t<div class=\"elementor-widget-container\">\n\t\t\t\t\t<span class=\"elementor-heading-title elementor-size-default\">A\u00f1ade aqu\u00ed tu texto de cabecera<\/span>\t\t\t\t<\/div>\n\t\t\t\t<\/div>\n\t\t\t\t<div class=\"elementor-element elementor-element-3d0e7739 elementor-widget elementor-widget-heading\" data-id=\"3d0e7739\" data-element_type=\"widget\" data-widget_type=\"heading.default\">\n\t\t\t\t<div class=\"elementor-widget-container\">\n\t\t\t\t\t<h3 class=\"elementor-heading-title elementor-size-default\">A\u00f1ade aqu\u00ed tu texto de cabecera<\/h3>\t\t\t\t<\/div>\n\t\t\t\t<\/div>\n\t\t\t\t<div class=\"elementor-element elementor-element-23902d4f elementor-widget elementor-widget-text-editor\" data-id=\"23902d4f\" data-element_type=\"widget\" data-widget_type=\"text-editor.default\">\n\t\t\t\t<div class=\"elementor-widget-container\">\n\t\t\t\t\t\t\t\t\t<p>Lorem ipsum dolor sit amet, consectetur adipiscing elit. Ut elit tellus, luctus nec ullamcorper mattis, pulvinar dapibus leo.<\/p>\t\t\t\t\t\t\t\t<\/div>\n\t\t\t\t<\/div>\n\t\t\t\t<div class=\"elementor-element elementor-element-1e8be49a elementor-widget elementor-widget-button\" data-id=\"1e8be49a\" data-element_type=\"widget\" data-widget_type=\"button.default\">\n\t\t\t\t<div class=\"elementor-widget-container\">\n\t\t\t\t\t\t\t\t\t<div class=\"elementor-button-wrapper\">\n\t\t\t\t\t<a class=\"elementor-button elementor-button-link elementor-size-sm\" href=\"#\">\n\t\t\t\t\t\t<span class=\"elementor-button-content-wrapper\">\n\t\t\t\t\t\t\t\t\t<span class=\"elementor-button-text\">Haz clic aqu\u00ed<\/span>\n\t\t\t\t\t<\/span>\n\t\t\t\t\t<\/a>\n\t\t\t\t<\/div>\n\t\t\t\t\t\t\t\t<\/div>\n\t\t\t\t<\/div>\n\t\t\t\t<\/div>\n\t\t\t\t\t<\/div>\n\t\t\t\t<\/div>\n\t\t<div class=\"elementor-element elementor-element-290aad85 e-flex e-con-boxed e-con e-parent\" data-id=\"290aad85\" data-element_type=\"container\">\n\t\t\t\t\t<div class=\"e-con-inner\">\n\t\t<div class=\"elementor-element elementor-element-59336aca e-con-full e-flex e-con e-child\" data-id=\"59336aca\" data-element_type=\"container\">\n\t\t\t\t<div class=\"elementor-element elementor-element-548eb609 elementor-widget elementor-widget-heading\" data-id=\"548eb609\" data-element_type=\"widget\" data-widget_type=\"heading.default\">\n\t\t\t\t<div class=\"elementor-widget-container\">\n\t\t\t\t\t<h2 class=\"elementor-heading-title elementor-size-default\">A\u00f1ade aqu\u00ed tu texto de cabecera<\/h2>\t\t\t\t<\/div>\n\t\t\t\t<\/div>\n\t\t\t\t<div class=\"elementor-element elementor-element-55ac6672 elementor-widget elementor-widget-text-editor\" data-id=\"55ac6672\" data-element_type=\"widget\" data-widget_type=\"text-editor.default\">\n\t\t\t\t<div class=\"elementor-widget-container\">\n\t\t\t\t\t\t\t\t\t<p>Lorem ipsum dolor sit amet, consectetur adipiscing elit. Ut elit tellus, luctus nec ullamcorper mattis, pulvinar dapibus leo.<\/p>\t\t\t\t\t\t\t\t<\/div>\n\t\t\t\t<\/div>\n\t\t\t\t<\/div>\n\t\t<div class=\"elementor-element elementor-element-4650420c e-con-full e-flex e-con e-child\" data-id=\"4650420c\" data-element_type=\"container\">\n\t\t<div class=\"elementor-element elementor-element-33ccb6b e-con-full e-flex e-con e-child\" data-id=\"33ccb6b\" data-element_type=\"container\">\n\t\t\t\t<div class=\"elementor-element elementor-element-6e60dfa elementor-widget elementor-widget-image\" data-id=\"6e60dfa\" data-element_type=\"widget\" data-widget_type=\"image.default\">\n\t\t\t\t<div class=\"elementor-widget-container\">\n\t\t\t\t\t\t\t\t\t\t\t\t\t\t\t<img fetchpriority=\"high\" decoding=\"async\" width=\"1200\" height=\"800\" src=\"https:\/\/pepezapata.net\/wp-content\/uploads\/2025\/03\/placeholder-2.png\" class=\"attachment-full size-full wp-image-10\" alt=\"\" srcset=\"https:\/\/pepezapata.net\/wp-content\/uploads\/2025\/03\/placeholder-2.png 1200w, https:\/\/pepezapata.net\/wp-content\/uploads\/2025\/03\/placeholder-2-300x200.png 300w, https:\/\/pepezapata.net\/wp-content\/uploads\/2025\/03\/placeholder-2-1024x683.png 1024w, https:\/\/pepezapata.net\/wp-content\/uploads\/2025\/03\/placeholder-2-768x512.png 768w\" sizes=\"(max-width: 1200px) 100vw, 1200px\" \/>\t\t\t\t\t\t\t\t\t\t\t\t\t\t\t<\/div>\n\t\t\t\t<\/div>\n\t\t\t\t<div class=\"elementor-element elementor-element-2c391d08 elementor-widget elementor-widget-text-editor\" data-id=\"2c391d08\" data-element_type=\"widget\" data-widget_type=\"text-editor.default\">\n\t\t\t\t<div class=\"elementor-widget-container\">\n\t\t\t\t\t\t\t\t\t<p>Lorem fistrum por la gloria de mi madre esse jarl aliqua llevame al sircoo.<\/p>\t\t\t\t\t\t\t\t<\/div>\n\t\t\t\t<\/div>\n\t\t\t\t<\/div>\n\t\t<div class=\"elementor-element elementor-element-17b909ba e-con-full e-flex e-con e-child\" data-id=\"17b909ba\" data-element_type=\"container\">\n\t\t\t\t<div class=\"elementor-element elementor-element-740124d elementor-widget elementor-widget-image\" data-id=\"740124d\" data-element_type=\"widget\" data-widget_type=\"image.default\">\n\t\t\t\t<div class=\"elementor-widget-container\">\n\t\t\t\t\t\t\t\t\t\t\t\t\t\t\t<img fetchpriority=\"high\" decoding=\"async\" width=\"1200\" height=\"800\" src=\"https:\/\/pepezapata.net\/wp-content\/uploads\/2025\/03\/placeholder-2.png\" class=\"attachment-full size-full wp-image-10\" alt=\"\" srcset=\"https:\/\/pepezapata.net\/wp-content\/uploads\/2025\/03\/placeholder-2.png 1200w, https:\/\/pepezapata.net\/wp-content\/uploads\/2025\/03\/placeholder-2-300x200.png 300w, https:\/\/pepezapata.net\/wp-content\/uploads\/2025\/03\/placeholder-2-1024x683.png 1024w, https:\/\/pepezapata.net\/wp-content\/uploads\/2025\/03\/placeholder-2-768x512.png 768w\" sizes=\"(max-width: 1200px) 100vw, 1200px\" \/>\t\t\t\t\t\t\t\t\t\t\t\t\t\t\t<\/div>\n\t\t\t\t<\/div>\n\t\t\t\t<div class=\"elementor-element elementor-element-235f7919 elementor-widget elementor-widget-text-editor\" data-id=\"235f7919\" data-element_type=\"widget\" data-widget_type=\"text-editor.default\">\n\t\t\t\t<div class=\"elementor-widget-container\">\n\t\t\t\t\t\t\t\t\t<p>Lorem fistrum por la gloria de mi madre esse jarl aliqua llevame al sircoo.<\/p>\t\t\t\t\t\t\t\t<\/div>\n\t\t\t\t<\/div>\n\t\t\t\t<\/div>\n\t\t\t\t<\/div>\n\t\t\t\t\t<\/div>\n\t\t\t\t<\/div>\n\t\t\t\t<\/div>\n\t\t","protected":false},"excerpt":{"rendered":"<p>A\u00f1ade aqu\u00ed tu texto de cabecera Lorem fistrum por la gloria de mi madre esse jarl aliqua llevame al sircoo. De la pradera ullamco qu\u00e9 dise usteer est\u00e1 la cosa muy malar. Haz clic aqu\u00ed A\u00f1ade aqu\u00ed tu texto de cabecera Lorem fistrum por la gloria de mi madre esse jarl aliqua llevame al sircoo. [&hellip;]<\/p>\n","protected":false},"author":1,"featured_media":0,"parent":0,"menu_order":0,"comment_status":"closed","ping_status":"closed","template":"","meta":{"footnotes":""},"class_list":["post-38","page","type-page","status-publish","hentry"],"_links":{"self":[{"href":"https:\/\/pepezapata.net\/index.php\/wp-json\/wp\/v2\/pages\/38","targetHints":{"allow":["GET"]}}],"collection":[{"href":"https:\/\/pepezapata.net\/index.php\/wp-json\/wp\/v2\/pages"}],"about":[{"href":"https:\/\/pepezapata.net\/index.php\/wp-json\/wp\/v2\/types\/page"}],"author":[{"embeddable":true,"href":"https:\/\/pepezapata.net\/index.php\/wp-json\/wp\/v2\/users\/1"}],"replies":[{"embeddable":true,"href":"https:\/\/pepezapata.net\/index.php\/wp-json\/wp\/v2\/comments?post=38"}],"version-history":[{"count":4,"href":"https:\/\/pepezapata.net\/index.php\/wp-json\/wp\/v2\/pages\/38\/revisions"}],"predecessor-version":[{"id":67,"href":"https:\/\/pepezapata.net\/index.php\/wp-json\/wp\/v2\/pages\/38\/revisions\/67"}],"wp:attachment":[{"href":"https:\/\/pepezapata.net\/index.php\/wp-json\/wp\/v2\/media?parent=38"}],"curies":[{"name":"wp","href":"https:\/\/api.w.org\/{rel}","templated":true}]}}